{"id":1408,"date":"2024-09-01T12:25:33","date_gmt":"2024-09-01T09:25:33","guid":{"rendered":"https:\/\/hotelandbuild.com\/?post_type=product&#038;p=1408"},"modified":"2024-09-09T12:30:23","modified_gmt":"2024-09-09T09:30:23","slug":"de56-full-height-turnstile","status":"publish","type":"product","link":"https:\/\/hotelandbuild.com\/tr\/product\/de56-full-height-turnstile\/","title":{"rendered":"DE56 TAM BOY TURN\u0130KE"},"content":{"rendered":"<p>G\u00f6vde: 304 Paslanmaz \u00e7elik<\/p>\n<p>Enerji \u00d6zellikleri: 100 \/ 240 Volt AC elektrikle \u00e7al\u0131\u015f\u0131r.<\/p>\n<p>Boy Turnikesi G\u00fc\u00e7 T\u00fcketimi: 60 watt g\u00fc\u00e7 t\u00fcketim \u00f6zelli\u011fine sahiptir.<\/p>\n<p>\u00c7al\u0131\u015fma S\u0131cakl\u0131klar\u0131: -30 ile +80 derece aras\u0131ndaki s\u0131cakl\u0131klarda sorunsuz bir \u015fekilde \u00e7al\u0131\u015fabilir.<\/p>\n<p>Turnike \u00d6l\u00e7\u00fcleri: 1400mm x 1200mm x 2200mm<\/p>\n<p>Kurulu Halde A\u011f\u0131rl\u0131k: 160 kilogram.<\/p>\n<p>Turnike Sistemi: Bu mikroi\u015flemci kontroll\u00fc turnike iki y\u00f6nde \u00e7al\u0131\u015f\u0131r. Tek bir ki\u015finin ge\u00e7i\u015fine izin verir. Ge\u00e7ilen tarafta bir veri \u00e7\u0131k\u0131\u015f\u0131 vard\u0131r. Bu veri \u00e7\u0131k\u0131\u015f\u0131 dijital olabilir veya bilgisayar kontrol\u00fcnde do\u011frudan bilgisayara iletilebilir. Elektrik kesintisi durumunda otomatik olarak serbest ge\u00e7i\u015f moduna ge\u00e7er.<\/p>\n<p>Boy Turnike Kontrolleri: Eri\u015fim kontrol \u00fcnitesi ve di\u011fer \u00e7evre birimleri ile kolayca ba\u011flanabilir. Tek bir bilgisayar ile 256 turnikeyi kontrol edebilirsiniz.<\/p>\n<p>3-50 volt DC darbe, kuru kontak, CMOS, TTL veya Rs232, Rs422, Rs485 ile do\u011frudan bilgisayar kontrol\u00fc yap\u0131labilir ve tetiklenebilir.<br \/>\npasses.<\/p>\n<p>Acil Alarm Modu: G\u00fcvenlik sistemlerine ba\u011flanarak yang\u0131n, deprem ve afet durumlar\u0131nda otomatik olarak serbest ge\u00e7i\u015f moduna ge\u00e7er.<\/p>","protected":false},"excerpt":{"rendered":"<p>\u00dcr\u00fcn\u00fc incelemek ve hemen sipari\u015f vermek i\u00e7in t\u0131klayabilirsiniz. Daha fazla bilgi i\u00e7in bizimle ileti\u015fime ge\u00e7ebilirsiniz.<\/p>","protected":false},"featured_media":1415,"template":"","meta":{"_acf_changed":false},"product_brand":[],"product_cat":[36],"product_tag":[59],"class_list":{"0":"post-1408","1":"product","2":"type-product","3":"status-publish","4":"has-post-thumbnail","6":"product_cat-security-systems","7":"product_tag-de56","9":"first","10":"instock","11":"shipping-taxable","12":"product-type-simple"},"acf":[],"yoast_head":"<!-- This site is optimized with the Yoast SEO plugin v24.9 - https:\/\/yoast.com\/wordpress\/plugins\/seo\/ -->\n<title>DE56 FULL HEIGHT TURNSTILE - Hotel And Build<\/title>\n<meta name=\"robots\" content=\"index, follow, max-snippet:-1, max-image-preview:large, max-video-preview:-1\" \/>\n<link rel=\"canonical\" href=\"https:\/\/hotelandbuild.com\/tr\/product\/de56-full-height-turnstile\/\" \/>\n<meta property=\"og:locale\" content=\"tr_TR\" \/>\n<meta property=\"og:type\" content=\"article\" \/>\n<meta property=\"og:title\" content=\"DE56 FULL HEIGHT TURNSTILE - Hotel And Build\" \/>\n<meta property=\"og:description\" content=\"You can click to examine the product and order immediately. You can contact us for more information.\" \/>\n<meta property=\"og:url\" content=\"https:\/\/hotelandbuild.com\/tr\/product\/de56-full-height-turnstile\/\" \/>\n<meta property=\"og:site_name\" content=\"Hotel And Build\" \/>\n<meta property=\"article:modified_time\" content=\"2024-09-09T09:30:23+00:00\" \/>\n<meta property=\"og:image\" content=\"https:\/\/hotelandbuild.com\/wp-content\/uploads\/2024\/09\/DE56-1.jpg\" \/>\n\t<meta property=\"og:image:width\" content=\"1000\" \/>\n\t<meta property=\"og:image:height\" content=\"1000\" \/>\n\t<meta property=\"og:image:type\" content=\"image\/jpeg\" \/>\n<meta name=\"twitter:card\" content=\"summary_large_image\" \/>\n<meta name=\"twitter:label1\" content=\"Est. reading time\" \/>\n\t<meta name=\"twitter:data1\" content=\"1 dakika\" \/>\n<script type=\"application\/ld+json\" class=\"yoast-schema-graph\">{\"@context\":\"https:\/\/schema.org\",\"@graph\":[{\"@type\":\"WebPage\",\"@id\":\"https:\/\/hotelandbuild.com\/product\/de56-full-height-turnstile\/\",\"url\":\"https:\/\/hotelandbuild.com\/product\/de56-full-height-turnstile\/\",\"name\":\"DE56 FULL HEIGHT TURNSTILE - Hotel And Build\",\"isPartOf\":{\"@id\":\"https:\/\/hotelandbuild.com\/#website\"},\"primaryImageOfPage\":{\"@id\":\"https:\/\/hotelandbuild.com\/product\/de56-full-height-turnstile\/#primaryimage\"},\"image\":{\"@id\":\"https:\/\/hotelandbuild.com\/product\/de56-full-height-turnstile\/#primaryimage\"},\"thumbnailUrl\":\"https:\/\/hotelandbuild.com\/wp-content\/uploads\/2024\/09\/DE56-1.jpg\",\"datePublished\":\"2024-09-01T09:25:33+00:00\",\"dateModified\":\"2024-09-09T09:30:23+00:00\",\"breadcrumb\":{\"@id\":\"https:\/\/hotelandbuild.com\/product\/de56-full-height-turnstile\/#breadcrumb\"},\"inLanguage\":\"tr\",\"potentialAction\":[{\"@type\":\"ReadAction\",\"target\":[\"https:\/\/hotelandbuild.com\/product\/de56-full-height-turnstile\/\"]}]},{\"@type\":\"ImageObject\",\"inLanguage\":\"tr\",\"@id\":\"https:\/\/hotelandbuild.com\/product\/de56-full-height-turnstile\/#primaryimage\",\"url\":\"https:\/\/hotelandbuild.com\/wp-content\/uploads\/2024\/09\/DE56-1.jpg\",\"contentUrl\":\"https:\/\/hotelandbuild.com\/wp-content\/uploads\/2024\/09\/DE56-1.jpg\",\"width\":1000,\"height\":1000},{\"@type\":\"BreadcrumbList\",\"@id\":\"https:\/\/hotelandbuild.com\/product\/de56-full-height-turnstile\/#breadcrumb\",\"itemListElement\":[{\"@type\":\"ListItem\",\"position\":1,\"name\":\"Home\",\"item\":\"https:\/\/hotelandbuild.com\/\"},{\"@type\":\"ListItem\",\"position\":2,\"name\":\"Products\",\"item\":\"https:\/\/hotelandbuild.com\/products\/\"},{\"@type\":\"ListItem\",\"position\":3,\"name\":\"DE56 FULL HEIGHT TURNSTILE\"}]},{\"@type\":\"WebSite\",\"@id\":\"https:\/\/hotelandbuild.com\/#website\",\"url\":\"https:\/\/hotelandbuild.com\/\",\"name\":\"Hotel And Build\",\"description\":\"Professional Hotel Solutions\",\"potentialAction\":[{\"@type\":\"SearchAction\",\"target\":{\"@type\":\"EntryPoint\",\"urlTemplate\":\"https:\/\/hotelandbuild.com\/?s={search_term_string}\"},\"query-input\":{\"@type\":\"PropertyValueSpecification\",\"valueRequired\":true,\"valueName\":\"search_term_string\"}}],\"inLanguage\":\"tr\"}]}<\/script>\n<!-- \/ Yoast SEO plugin. -->","yoast_head_json":{"title":"DE56 FULL HEIGHT TURNSTILE - Hotel And Build","robots":{"index":"index","follow":"follow","max-snippet":"max-snippet:-1","max-image-preview":"max-image-preview:large","max-video-preview":"max-video-preview:-1"},"canonical":"https:\/\/hotelandbuild.com\/tr\/product\/de56-full-height-turnstile\/","og_locale":"tr_TR","og_type":"article","og_title":"DE56 FULL HEIGHT TURNSTILE - Hotel And Build","og_description":"You can click to examine the product and order immediately. You can contact us for more information.","og_url":"https:\/\/hotelandbuild.com\/tr\/product\/de56-full-height-turnstile\/","og_site_name":"Hotel And Build","article_modified_time":"2024-09-09T09:30:23+00:00","og_image":[{"width":1000,"height":1000,"url":"https:\/\/hotelandbuild.com\/wp-content\/uploads\/2024\/09\/DE56-1.jpg","type":"image\/jpeg"}],"twitter_card":"summary_large_image","twitter_misc":{"Est. reading time":"1 dakika"},"schema":{"@context":"https:\/\/schema.org","@graph":[{"@type":"WebPage","@id":"https:\/\/hotelandbuild.com\/product\/de56-full-height-turnstile\/","url":"https:\/\/hotelandbuild.com\/product\/de56-full-height-turnstile\/","name":"DE56 FULL HEIGHT TURNSTILE - Hotel And Build","isPartOf":{"@id":"https:\/\/hotelandbuild.com\/#website"},"primaryImageOfPage":{"@id":"https:\/\/hotelandbuild.com\/product\/de56-full-height-turnstile\/#primaryimage"},"image":{"@id":"https:\/\/hotelandbuild.com\/product\/de56-full-height-turnstile\/#primaryimage"},"thumbnailUrl":"https:\/\/hotelandbuild.com\/wp-content\/uploads\/2024\/09\/DE56-1.jpg","datePublished":"2024-09-01T09:25:33+00:00","dateModified":"2024-09-09T09:30:23+00:00","breadcrumb":{"@id":"https:\/\/hotelandbuild.com\/product\/de56-full-height-turnstile\/#breadcrumb"},"inLanguage":"tr","potentialAction":[{"@type":"ReadAction","target":["https:\/\/hotelandbuild.com\/product\/de56-full-height-turnstile\/"]}]},{"@type":"ImageObject","inLanguage":"tr","@id":"https:\/\/hotelandbuild.com\/product\/de56-full-height-turnstile\/#primaryimage","url":"https:\/\/hotelandbuild.com\/wp-content\/uploads\/2024\/09\/DE56-1.jpg","contentUrl":"https:\/\/hotelandbuild.com\/wp-content\/uploads\/2024\/09\/DE56-1.jpg","width":1000,"height":1000},{"@type":"BreadcrumbList","@id":"https:\/\/hotelandbuild.com\/product\/de56-full-height-turnstile\/#breadcrumb","itemListElement":[{"@type":"ListItem","position":1,"name":"Home","item":"https:\/\/hotelandbuild.com\/"},{"@type":"ListItem","position":2,"name":"Products","item":"https:\/\/hotelandbuild.com\/products\/"},{"@type":"ListItem","position":3,"name":"DE56 FULL HEIGHT TURNSTILE"}]},{"@type":"WebSite","@id":"https:\/\/hotelandbuild.com\/#website","url":"https:\/\/hotelandbuild.com\/","name":"Hotel And Build","description":"Professional Hotel Solutions","potentialAction":[{"@type":"SearchAction","target":{"@type":"EntryPoint","urlTemplate":"https:\/\/hotelandbuild.com\/?s={search_term_string}"},"query-input":{"@type":"PropertyValueSpecification","valueRequired":true,"valueName":"search_term_string"}}],"inLanguage":"tr"}]}},"_links":{"self":[{"href":"https:\/\/hotelandbuild.com\/tr\/wp-json\/wp\/v2\/product\/1408"}],"collection":[{"href":"https:\/\/hotelandbuild.com\/tr\/wp-json\/wp\/v2\/product"}],"about":[{"href":"https:\/\/hotelandbuild.com\/tr\/wp-json\/wp\/v2\/types\/product"}],"version-history":[{"count":3,"href":"https:\/\/hotelandbuild.com\/tr\/wp-json\/wp\/v2\/product\/1408\/revisions"}],"predecessor-version":[{"id":1420,"href":"https:\/\/hotelandbuild.com\/tr\/wp-json\/wp\/v2\/product\/1408\/revisions\/1420"}],"wp:featuredmedia":[{"embeddable":true,"href":"https:\/\/hotelandbuild.com\/tr\/wp-json\/wp\/v2\/media\/1415"}],"wp:attachment":[{"href":"https:\/\/hotelandbuild.com\/tr\/wp-json\/wp\/v2\/media?parent=1408"}],"wp:term":[{"taxonomy":"product_brand","embeddable":true,"href":"https:\/\/hotelandbuild.com\/tr\/wp-json\/wp\/v2\/product_brand?post=1408"},{"taxonomy":"product_cat","embeddable":true,"href":"https:\/\/hotelandbuild.com\/tr\/wp-json\/wp\/v2\/product_cat?post=1408"},{"taxonomy":"product_tag","embeddable":true,"href":"https:\/\/hotelandbuild.com\/tr\/wp-json\/wp\/v2\/product_tag?post=1408"}],"curies":[{"name":"wp","href":"https:\/\/api.w.org\/{rel}","templated":true}]}}