{"id":1409,"date":"2024-09-01T12:25:33","date_gmt":"2024-09-01T09:25:33","guid":{"rendered":"https:\/\/hotelandbuild.com\/?post_type=product&#038;p=1409"},"modified":"2024-09-16T12:12:01","modified_gmt":"2024-09-16T09:12:01","slug":"de950-walk-through-detector","status":"publish","type":"product","link":"https:\/\/hotelandbuild.com\/tr\/product\/de950-walk-through-detector\/","title":{"rendered":"DE950 Y\u00dcR\u00dcY\u00dc\u015e DETEKT\u00d6R\u00dc"},"content":{"rendered":"<p>\u2022 Alg\u0131lama B\u00f6lgesi Say\u0131s\u0131: 33 b\u00f6lgeli kap\u0131 dedekt\u00f6r\u00fc<\/p>\n<p>\u2022 Ekran: \u00dcst arama dedekt\u00f6r\u00fc 5.7 in\u00e7 LCD ekrana sahiptir.<\/p>\n<p>\u2022 Hassasiyet ayar\u0131: Hassasiyet 0-255 aras\u0131nda ayarlanabilir.<\/p>\n<p>\u2022 Alarm Tonu: Pasajdaki metal alarmlar\u0131 i\u00e7in 16 farkl\u0131 alarm tonu se\u00e7ilebilir.<\/p>\n<p>\u2022 Alarm S\u00fcresi: 0-3 saniye aras\u0131nda ayarlanabilir.<\/p>\n<p>\u2022 Alarm Ses Seviyesi: 10 farkl\u0131 ses seviyesi ayarlanabilir veya ses tamamen kapat\u0131labilir.<\/p>\n<p>\u2022 Dikey Boyutlar: 2210\u00d7840\u00d7460mm<\/p>\n<p>\u2022 Dikey Koridor \u00d6l\u00e7\u00fcleri: 2050\u00d7715\u00d7460mm<\/p>\n<p>\u2022 Paketleme \u00d6l\u00e7\u00fcleri: 2295\u00d7700\u00d7200mm<\/p>\n<p>\u2022 Net A\u011f\u0131rl\u0131k: 39KG<\/p>\n<p>\u2022 Br\u00fct A\u011f\u0131rl\u0131k: 44KG<\/p>\n<p>\u2022 \u00c7al\u0131\u015fma Voltaj\u0131: AC220V \u2013 50\/60Hz<\/p>\n<p>\u2022 G\u00fc\u00e7 T\u00fcketimi: 12W<\/p>\n<p>\u2022 \u00c7al\u0131\u015fma Frekans Aral\u0131\u011f\u0131: 1-50 Bant<\/p>\n<p>\u2022 \u00c7al\u0131\u015fma Ortam S\u0131cakl\u0131\u011f\u0131: -20\u2103\uff5e65\u2103<\/p>\n<p>\u2022 Kurulum Ortam\u0131: Giri\u015fimi \u00f6nlemek i\u00e7in metal i\u00e7ermeyen minimum aral\u0131k (G)100cm*(U)200cm<\/p>\n<p>\u2022 Alg\u0131lama Hassasiyet Aral\u0131\u011f\u0131: Hassasiyet \u226510g Metal<\/p>","protected":false},"excerpt":{"rendered":"<p>\u00dcr\u00fcn\u00fc incelemek ve hemen sipari\u015f vermek i\u00e7in t\u0131klayabilirsiniz. Daha fazla bilgi i\u00e7in bizimle ileti\u015fime ge\u00e7ebilirsiniz.<\/p>","protected":false},"featured_media":2192,"template":"","meta":{"_acf_changed":false},"product_brand":[],"product_cat":[36],"product_tag":[123],"class_list":{"0":"post-1409","1":"product","2":"type-product","3":"status-publish","4":"has-post-thumbnail","6":"product_cat-security-systems","7":"product_tag-walk-through-detector","9":"first","10":"instock","11":"shipping-taxable","12":"product-type-simple"},"acf":[],"yoast_head":"<!-- This site is optimized with the Yoast SEO plugin v24.9 - https:\/\/yoast.com\/wordpress\/plugins\/seo\/ -->\n<title>DE950 WALK THROUGH DETECTOR - Hotel And Build<\/title>\n<meta name=\"robots\" content=\"index, follow, max-snippet:-1, max-image-preview:large, max-video-preview:-1\" \/>\n<link rel=\"canonical\" href=\"https:\/\/hotelandbuild.com\/tr\/product\/de950-walk-through-detector\/\" \/>\n<meta property=\"og:locale\" content=\"tr_TR\" \/>\n<meta property=\"og:type\" content=\"article\" \/>\n<meta property=\"og:title\" content=\"DE950 WALK THROUGH DETECTOR - Hotel And Build\" \/>\n<meta property=\"og:description\" content=\"You can click to examine the product and order immediately. You can contact us for more information.\" \/>\n<meta property=\"og:url\" content=\"https:\/\/hotelandbuild.com\/tr\/product\/de950-walk-through-detector\/\" \/>\n<meta property=\"og:site_name\" content=\"Hotel And Build\" \/>\n<meta property=\"article:modified_time\" content=\"2024-09-16T09:12:01+00:00\" \/>\n<meta property=\"og:image\" content=\"https:\/\/hotelandbuild.com\/wp-content\/uploads\/2024\/09\/DE950.png\" \/>\n\t<meta property=\"og:image:width\" content=\"1000\" \/>\n\t<meta property=\"og:image:height\" content=\"1000\" \/>\n\t<meta property=\"og:image:type\" content=\"image\/png\" \/>\n<meta name=\"twitter:card\" content=\"summary_large_image\" \/>\n<meta name=\"twitter:label1\" content=\"Est. reading time\" \/>\n\t<meta name=\"twitter:data1\" content=\"1 dakika\" \/>\n<script type=\"application\/ld+json\" class=\"yoast-schema-graph\">{\"@context\":\"https:\/\/schema.org\",\"@graph\":[{\"@type\":\"WebPage\",\"@id\":\"https:\/\/hotelandbuild.com\/product\/de950-walk-through-detector\/\",\"url\":\"https:\/\/hotelandbuild.com\/product\/de950-walk-through-detector\/\",\"name\":\"DE950 WALK THROUGH DETECTOR - Hotel And Build\",\"isPartOf\":{\"@id\":\"https:\/\/hotelandbuild.com\/#website\"},\"primaryImageOfPage\":{\"@id\":\"https:\/\/hotelandbuild.com\/product\/de950-walk-through-detector\/#primaryimage\"},\"image\":{\"@id\":\"https:\/\/hotelandbuild.com\/product\/de950-walk-through-detector\/#primaryimage\"},\"thumbnailUrl\":\"https:\/\/hotelandbuild.com\/wp-content\/uploads\/2024\/09\/DE950.png\",\"datePublished\":\"2024-09-01T09:25:33+00:00\",\"dateModified\":\"2024-09-16T09:12:01+00:00\",\"breadcrumb\":{\"@id\":\"https:\/\/hotelandbuild.com\/product\/de950-walk-through-detector\/#breadcrumb\"},\"inLanguage\":\"tr\",\"potentialAction\":[{\"@type\":\"ReadAction\",\"target\":[\"https:\/\/hotelandbuild.com\/product\/de950-walk-through-detector\/\"]}]},{\"@type\":\"ImageObject\",\"inLanguage\":\"tr\",\"@id\":\"https:\/\/hotelandbuild.com\/product\/de950-walk-through-detector\/#primaryimage\",\"url\":\"https:\/\/hotelandbuild.com\/wp-content\/uploads\/2024\/09\/DE950.png\",\"contentUrl\":\"https:\/\/hotelandbuild.com\/wp-content\/uploads\/2024\/09\/DE950.png\",\"width\":1000,\"height\":1000},{\"@type\":\"BreadcrumbList\",\"@id\":\"https:\/\/hotelandbuild.com\/product\/de950-walk-through-detector\/#breadcrumb\",\"itemListElement\":[{\"@type\":\"ListItem\",\"position\":1,\"name\":\"Home\",\"item\":\"https:\/\/hotelandbuild.com\/\"},{\"@type\":\"ListItem\",\"position\":2,\"name\":\"Products\",\"item\":\"https:\/\/hotelandbuild.com\/products\/\"},{\"@type\":\"ListItem\",\"position\":3,\"name\":\"DE950 WALK THROUGH DETECTOR\"}]},{\"@type\":\"WebSite\",\"@id\":\"https:\/\/hotelandbuild.com\/#website\",\"url\":\"https:\/\/hotelandbuild.com\/\",\"name\":\"Hotel And Build\",\"description\":\"Professional Hotel Solutions\",\"potentialAction\":[{\"@type\":\"SearchAction\",\"target\":{\"@type\":\"EntryPoint\",\"urlTemplate\":\"https:\/\/hotelandbuild.com\/?s={search_term_string}\"},\"query-input\":{\"@type\":\"PropertyValueSpecification\",\"valueRequired\":true,\"valueName\":\"search_term_string\"}}],\"inLanguage\":\"tr\"}]}<\/script>\n<!-- \/ Yoast SEO plugin. -->","yoast_head_json":{"title":"DE950 WALK THROUGH DETECTOR - Hotel And Build","robots":{"index":"index","follow":"follow","max-snippet":"max-snippet:-1","max-image-preview":"max-image-preview:large","max-video-preview":"max-video-preview:-1"},"canonical":"https:\/\/hotelandbuild.com\/tr\/product\/de950-walk-through-detector\/","og_locale":"tr_TR","og_type":"article","og_title":"DE950 WALK THROUGH DETECTOR - Hotel And Build","og_description":"You can click to examine the product and order immediately. You can contact us for more information.","og_url":"https:\/\/hotelandbuild.com\/tr\/product\/de950-walk-through-detector\/","og_site_name":"Hotel And Build","article_modified_time":"2024-09-16T09:12:01+00:00","og_image":[{"width":1000,"height":1000,"url":"https:\/\/hotelandbuild.com\/wp-content\/uploads\/2024\/09\/DE950.png","type":"image\/png"}],"twitter_card":"summary_large_image","twitter_misc":{"Est. reading time":"1 dakika"},"schema":{"@context":"https:\/\/schema.org","@graph":[{"@type":"WebPage","@id":"https:\/\/hotelandbuild.com\/product\/de950-walk-through-detector\/","url":"https:\/\/hotelandbuild.com\/product\/de950-walk-through-detector\/","name":"DE950 WALK THROUGH DETECTOR - Hotel And Build","isPartOf":{"@id":"https:\/\/hotelandbuild.com\/#website"},"primaryImageOfPage":{"@id":"https:\/\/hotelandbuild.com\/product\/de950-walk-through-detector\/#primaryimage"},"image":{"@id":"https:\/\/hotelandbuild.com\/product\/de950-walk-through-detector\/#primaryimage"},"thumbnailUrl":"https:\/\/hotelandbuild.com\/wp-content\/uploads\/2024\/09\/DE950.png","datePublished":"2024-09-01T09:25:33+00:00","dateModified":"2024-09-16T09:12:01+00:00","breadcrumb":{"@id":"https:\/\/hotelandbuild.com\/product\/de950-walk-through-detector\/#breadcrumb"},"inLanguage":"tr","potentialAction":[{"@type":"ReadAction","target":["https:\/\/hotelandbuild.com\/product\/de950-walk-through-detector\/"]}]},{"@type":"ImageObject","inLanguage":"tr","@id":"https:\/\/hotelandbuild.com\/product\/de950-walk-through-detector\/#primaryimage","url":"https:\/\/hotelandbuild.com\/wp-content\/uploads\/2024\/09\/DE950.png","contentUrl":"https:\/\/hotelandbuild.com\/wp-content\/uploads\/2024\/09\/DE950.png","width":1000,"height":1000},{"@type":"BreadcrumbList","@id":"https:\/\/hotelandbuild.com\/product\/de950-walk-through-detector\/#breadcrumb","itemListElement":[{"@type":"ListItem","position":1,"name":"Home","item":"https:\/\/hotelandbuild.com\/"},{"@type":"ListItem","position":2,"name":"Products","item":"https:\/\/hotelandbuild.com\/products\/"},{"@type":"ListItem","position":3,"name":"DE950 WALK THROUGH DETECTOR"}]},{"@type":"WebSite","@id":"https:\/\/hotelandbuild.com\/#website","url":"https:\/\/hotelandbuild.com\/","name":"Hotel And Build","description":"Professional Hotel Solutions","potentialAction":[{"@type":"SearchAction","target":{"@type":"EntryPoint","urlTemplate":"https:\/\/hotelandbuild.com\/?s={search_term_string}"},"query-input":{"@type":"PropertyValueSpecification","valueRequired":true,"valueName":"search_term_string"}}],"inLanguage":"tr"}]}},"_links":{"self":[{"href":"https:\/\/hotelandbuild.com\/tr\/wp-json\/wp\/v2\/product\/1409"}],"collection":[{"href":"https:\/\/hotelandbuild.com\/tr\/wp-json\/wp\/v2\/product"}],"about":[{"href":"https:\/\/hotelandbuild.com\/tr\/wp-json\/wp\/v2\/types\/product"}],"version-history":[{"count":2,"href":"https:\/\/hotelandbuild.com\/tr\/wp-json\/wp\/v2\/product\/1409\/revisions"}],"predecessor-version":[{"id":1421,"href":"https:\/\/hotelandbuild.com\/tr\/wp-json\/wp\/v2\/product\/1409\/revisions\/1421"}],"wp:featuredmedia":[{"embeddable":true,"href":"https:\/\/hotelandbuild.com\/tr\/wp-json\/wp\/v2\/media\/2192"}],"wp:attachment":[{"href":"https:\/\/hotelandbuild.com\/tr\/wp-json\/wp\/v2\/media?parent=1409"}],"wp:term":[{"taxonomy":"product_brand","embeddable":true,"href":"https:\/\/hotelandbuild.com\/tr\/wp-json\/wp\/v2\/product_brand?post=1409"},{"taxonomy":"product_cat","embeddable":true,"href":"https:\/\/hotelandbuild.com\/tr\/wp-json\/wp\/v2\/product_cat?post=1409"},{"taxonomy":"product_tag","embeddable":true,"href":"https:\/\/hotelandbuild.com\/tr\/wp-json\/wp\/v2\/product_tag?post=1409"}],"curies":[{"name":"wp","href":"https:\/\/api.w.org\/{rel}","templated":true}]}}