{"id":2078,"date":"2024-09-16T09:55:14","date_gmt":"2024-09-16T06:55:14","guid":{"rendered":"https:\/\/hotelandbuild.com\/?post_type=product&#038;p=2078"},"modified":"2024-09-16T09:55:14","modified_gmt":"2024-09-16T06:55:14","slug":"rotary-cover-garbage-chute","status":"publish","type":"product","link":"https:\/\/hotelandbuild.com\/tr\/product\/rotary-cover-garbage-chute\/","title":{"rendered":"ROTARY COVER GARBAGE CHUTE"},"content":{"rendered":"<p>430 Quality Brushed<br \/>\nHairline Stainless Steel<br \/>\nInner Diameter : 230mm<br \/>\nOuter Diameter : 270mm<\/p>","protected":false},"excerpt":{"rendered":"<p>\u00dcr\u00fcn\u00fc incelemek ve hemen sipari\u015f vermek i\u00e7in t\u0131klayabilirsiniz. Daha fazla bilgi i\u00e7in bizimle ileti\u015fime ge\u00e7ebilirsiniz.<\/p>","protected":false},"featured_media":2079,"template":"","meta":{"_acf_changed":false},"product_brand":[],"product_cat":[26],"product_tag":[107],"class_list":{"0":"post-2078","1":"product","2":"type-product","3":"status-publish","4":"has-post-thumbnail","6":"product_cat-reception-equipments","7":"product_tag-rotary-cover-garbage-chute","9":"first","10":"instock","11":"shipping-taxable","12":"product-type-simple"},"acf":[],"yoast_head":"<!-- This site is optimized with the Yoast SEO plugin v24.9 - https:\/\/yoast.com\/wordpress\/plugins\/seo\/ -->\n<title>ROTARY COVER GARBAGE CHUTE - Hotel And Build<\/title>\n<meta name=\"robots\" content=\"index, follow, max-snippet:-1, max-image-preview:large, max-video-preview:-1\" \/>\n<link rel=\"canonical\" href=\"https:\/\/hotelandbuild.com\/tr\/product\/rotary-cover-garbage-chute\/\" \/>\n<meta property=\"og:locale\" content=\"tr_TR\" \/>\n<meta property=\"og:type\" content=\"article\" \/>\n<meta property=\"og:title\" content=\"ROTARY COVER GARBAGE CHUTE - Hotel And Build\" \/>\n<meta property=\"og:description\" content=\"You can click to examine the product and order immediately. You can contact us for more information.\" \/>\n<meta property=\"og:url\" content=\"https:\/\/hotelandbuild.com\/tr\/product\/rotary-cover-garbage-chute\/\" \/>\n<meta property=\"og:site_name\" content=\"Hotel And Build\" \/>\n<meta property=\"og:image\" content=\"https:\/\/hotelandbuild.com\/wp-content\/uploads\/2024\/09\/GSC66S.png\" \/>\n\t<meta property=\"og:image:width\" content=\"1000\" \/>\n\t<meta property=\"og:image:height\" content=\"1000\" \/>\n\t<meta property=\"og:image:type\" content=\"image\/png\" \/>\n<meta name=\"twitter:card\" content=\"summary_large_image\" \/>\n<meta name=\"twitter:label1\" content=\"Est. reading time\" \/>\n\t<meta name=\"twitter:data1\" content=\"1 dakika\" \/>\n<script type=\"application\/ld+json\" class=\"yoast-schema-graph\">{\"@context\":\"https:\/\/schema.org\",\"@graph\":[{\"@type\":\"WebPage\",\"@id\":\"https:\/\/hotelandbuild.com\/product\/rotary-cover-garbage-chute\/\",\"url\":\"https:\/\/hotelandbuild.com\/product\/rotary-cover-garbage-chute\/\",\"name\":\"ROTARY COVER GARBAGE CHUTE - Hotel And Build\",\"isPartOf\":{\"@id\":\"https:\/\/hotelandbuild.com\/#website\"},\"primaryImageOfPage\":{\"@id\":\"https:\/\/hotelandbuild.com\/product\/rotary-cover-garbage-chute\/#primaryimage\"},\"image\":{\"@id\":\"https:\/\/hotelandbuild.com\/product\/rotary-cover-garbage-chute\/#primaryimage\"},\"thumbnailUrl\":\"https:\/\/hotelandbuild.com\/wp-content\/uploads\/2024\/09\/GSC66S.png\",\"datePublished\":\"2024-09-16T06:55:14+00:00\",\"breadcrumb\":{\"@id\":\"https:\/\/hotelandbuild.com\/product\/rotary-cover-garbage-chute\/#breadcrumb\"},\"inLanguage\":\"tr\",\"potentialAction\":[{\"@type\":\"ReadAction\",\"target\":[\"https:\/\/hotelandbuild.com\/product\/rotary-cover-garbage-chute\/\"]}]},{\"@type\":\"ImageObject\",\"inLanguage\":\"tr\",\"@id\":\"https:\/\/hotelandbuild.com\/product\/rotary-cover-garbage-chute\/#primaryimage\",\"url\":\"https:\/\/hotelandbuild.com\/wp-content\/uploads\/2024\/09\/GSC66S.png\",\"contentUrl\":\"https:\/\/hotelandbuild.com\/wp-content\/uploads\/2024\/09\/GSC66S.png\",\"width\":1000,\"height\":1000},{\"@type\":\"BreadcrumbList\",\"@id\":\"https:\/\/hotelandbuild.com\/product\/rotary-cover-garbage-chute\/#breadcrumb\",\"itemListElement\":[{\"@type\":\"ListItem\",\"position\":1,\"name\":\"Home\",\"item\":\"https:\/\/hotelandbuild.com\/\"},{\"@type\":\"ListItem\",\"position\":2,\"name\":\"Products\",\"item\":\"https:\/\/hotelandbuild.com\/products\/\"},{\"@type\":\"ListItem\",\"position\":3,\"name\":\"ROTARY COVER GARBAGE CHUTE\"}]},{\"@type\":\"WebSite\",\"@id\":\"https:\/\/hotelandbuild.com\/#website\",\"url\":\"https:\/\/hotelandbuild.com\/\",\"name\":\"Hotel And Build\",\"description\":\"Professional Hotel Solutions\",\"potentialAction\":[{\"@type\":\"SearchAction\",\"target\":{\"@type\":\"EntryPoint\",\"urlTemplate\":\"https:\/\/hotelandbuild.com\/?s={search_term_string}\"},\"query-input\":{\"@type\":\"PropertyValueSpecification\",\"valueRequired\":true,\"valueName\":\"search_term_string\"}}],\"inLanguage\":\"tr\"}]}<\/script>\n<!-- \/ Yoast SEO plugin. -->","yoast_head_json":{"title":"ROTARY COVER GARBAGE CHUTE - Hotel And Build","robots":{"index":"index","follow":"follow","max-snippet":"max-snippet:-1","max-image-preview":"max-image-preview:large","max-video-preview":"max-video-preview:-1"},"canonical":"https:\/\/hotelandbuild.com\/tr\/product\/rotary-cover-garbage-chute\/","og_locale":"tr_TR","og_type":"article","og_title":"ROTARY COVER GARBAGE CHUTE - Hotel And Build","og_description":"You can click to examine the product and order immediately. You can contact us for more information.","og_url":"https:\/\/hotelandbuild.com\/tr\/product\/rotary-cover-garbage-chute\/","og_site_name":"Hotel And Build","og_image":[{"width":1000,"height":1000,"url":"https:\/\/hotelandbuild.com\/wp-content\/uploads\/2024\/09\/GSC66S.png","type":"image\/png"}],"twitter_card":"summary_large_image","twitter_misc":{"Est. reading time":"1 dakika"},"schema":{"@context":"https:\/\/schema.org","@graph":[{"@type":"WebPage","@id":"https:\/\/hotelandbuild.com\/product\/rotary-cover-garbage-chute\/","url":"https:\/\/hotelandbuild.com\/product\/rotary-cover-garbage-chute\/","name":"ROTARY COVER GARBAGE CHUTE - Hotel And Build","isPartOf":{"@id":"https:\/\/hotelandbuild.com\/#website"},"primaryImageOfPage":{"@id":"https:\/\/hotelandbuild.com\/product\/rotary-cover-garbage-chute\/#primaryimage"},"image":{"@id":"https:\/\/hotelandbuild.com\/product\/rotary-cover-garbage-chute\/#primaryimage"},"thumbnailUrl":"https:\/\/hotelandbuild.com\/wp-content\/uploads\/2024\/09\/GSC66S.png","datePublished":"2024-09-16T06:55:14+00:00","breadcrumb":{"@id":"https:\/\/hotelandbuild.com\/product\/rotary-cover-garbage-chute\/#breadcrumb"},"inLanguage":"tr","potentialAction":[{"@type":"ReadAction","target":["https:\/\/hotelandbuild.com\/product\/rotary-cover-garbage-chute\/"]}]},{"@type":"ImageObject","inLanguage":"tr","@id":"https:\/\/hotelandbuild.com\/product\/rotary-cover-garbage-chute\/#primaryimage","url":"https:\/\/hotelandbuild.com\/wp-content\/uploads\/2024\/09\/GSC66S.png","contentUrl":"https:\/\/hotelandbuild.com\/wp-content\/uploads\/2024\/09\/GSC66S.png","width":1000,"height":1000},{"@type":"BreadcrumbList","@id":"https:\/\/hotelandbuild.com\/product\/rotary-cover-garbage-chute\/#breadcrumb","itemListElement":[{"@type":"ListItem","position":1,"name":"Home","item":"https:\/\/hotelandbuild.com\/"},{"@type":"ListItem","position":2,"name":"Products","item":"https:\/\/hotelandbuild.com\/products\/"},{"@type":"ListItem","position":3,"name":"ROTARY COVER GARBAGE CHUTE"}]},{"@type":"WebSite","@id":"https:\/\/hotelandbuild.com\/#website","url":"https:\/\/hotelandbuild.com\/","name":"Hotel And Build","description":"Professional Hotel Solutions","potentialAction":[{"@type":"SearchAction","target":{"@type":"EntryPoint","urlTemplate":"https:\/\/hotelandbuild.com\/?s={search_term_string}"},"query-input":{"@type":"PropertyValueSpecification","valueRequired":true,"valueName":"search_term_string"}}],"inLanguage":"tr"}]}},"_links":{"self":[{"href":"https:\/\/hotelandbuild.com\/tr\/wp-json\/wp\/v2\/product\/2078"}],"collection":[{"href":"https:\/\/hotelandbuild.com\/tr\/wp-json\/wp\/v2\/product"}],"about":[{"href":"https:\/\/hotelandbuild.com\/tr\/wp-json\/wp\/v2\/types\/product"}],"version-history":[{"count":2,"href":"https:\/\/hotelandbuild.com\/tr\/wp-json\/wp\/v2\/product\/2078\/revisions"}],"predecessor-version":[{"id":2081,"href":"https:\/\/hotelandbuild.com\/tr\/wp-json\/wp\/v2\/product\/2078\/revisions\/2081"}],"wp:featuredmedia":[{"embeddable":true,"href":"https:\/\/hotelandbuild.com\/tr\/wp-json\/wp\/v2\/media\/2079"}],"wp:attachment":[{"href":"https:\/\/hotelandbuild.com\/tr\/wp-json\/wp\/v2\/media?parent=2078"}],"wp:term":[{"taxonomy":"product_brand","embeddable":true,"href":"https:\/\/hotelandbuild.com\/tr\/wp-json\/wp\/v2\/product_brand?post=2078"},{"taxonomy":"product_cat","embeddable":true,"href":"https:\/\/hotelandbuild.com\/tr\/wp-json\/wp\/v2\/product_cat?post=2078"},{"taxonomy":"product_tag","embeddable":true,"href":"https:\/\/hotelandbuild.com\/tr\/wp-json\/wp\/v2\/product_tag?post=2078"}],"curies":[{"name":"wp","href":"https:\/\/api.w.org\/{rel}","templated":true}]}}