{"id":2180,"date":"2024-09-16T12:00:27","date_gmt":"2024-09-16T09:00:27","guid":{"rendered":"https:\/\/hotelandbuild.com\/?post_type=product&#038;p=2180"},"modified":"2024-09-16T12:00:28","modified_gmt":"2024-09-16T09:00:28","slug":"depx24-mlrx-autonomous-ip-telephone-switchboard","status":"publish","type":"product","link":"https:\/\/hotelandbuild.com\/tr\/product\/depx24-mlrx-autonomous-ip-telephone-switchboard\/","title":{"rendered":"DEPX24 mLrX Autonomous IP Telephone Switchboard"},"content":{"rendered":"<p>\u2022 DEPX24 mLrX Autonomous IP Telephone Switchboard is a<br \/>\nprofessional Autonomous IP telephone switchboard with<br \/>\ntens of thousands of TDM ports, tens of thousands of SIP IP<br \/>\nport support, terminals, gateways, gatekeepers, registrar for<br \/>\nVoIP calls, Pure IP applications, IP phones, softphones,<br \/>\nanalogue phones and faxes, Telesis special xSIP protocol<br \/>\nsupport with blocks of analogue internal and external and<br \/>\ndigital internal and ISDN PRI external lines.<br \/>\n\u2022 PX24 mLrX switchboards have 2 IP SIP trunks, 112 IP SIP<br \/>\nsubscribers, 2 channel VoIP, 8 channel professional voice<br \/>\nresponse system, 2 multi-purpose relays as standard. All<br \/>\ncapabilities can be increased with licence and (or)<br \/>\nhardware.<\/p>","protected":false},"excerpt":{"rendered":"<p>\u00dcr\u00fcn\u00fc incelemek ve hemen sipari\u015f vermek i\u00e7in t\u0131klayabilirsiniz. Daha fazla bilgi i\u00e7in bizimle ileti\u015fime ge\u00e7ebilirsiniz.<\/p>","protected":false},"featured_media":2181,"template":"","meta":{"_acf_changed":false},"product_brand":[],"product_cat":[35],"product_tag":[120],"class_list":{"0":"post-2180","1":"product","2":"type-product","3":"status-publish","4":"has-post-thumbnail","6":"product_cat-hotel-phone-tv-systems","7":"product_tag-ip-telephone-switchboard","9":"first","10":"instock","11":"shipping-taxable","12":"product-type-simple"},"acf":[],"yoast_head":"<!-- This site is optimized with the Yoast SEO plugin v24.9 - https:\/\/yoast.com\/wordpress\/plugins\/seo\/ -->\n<title>DEPX24 mLrX Autonomous IP Telephone Switchboard - Hotel And Build<\/title>\n<meta name=\"robots\" content=\"index, follow, max-snippet:-1, max-image-preview:large, max-video-preview:-1\" \/>\n<link rel=\"canonical\" href=\"https:\/\/hotelandbuild.com\/tr\/product\/depx24-mlrx-autonomous-ip-telephone-switchboard\/\" \/>\n<meta property=\"og:locale\" content=\"tr_TR\" \/>\n<meta property=\"og:type\" content=\"article\" \/>\n<meta property=\"og:title\" content=\"DEPX24 mLrX Autonomous IP Telephone Switchboard - Hotel And Build\" \/>\n<meta property=\"og:description\" content=\"You can click to examine the product and order immediately. You can contact us for more information.\" \/>\n<meta property=\"og:url\" content=\"https:\/\/hotelandbuild.com\/tr\/product\/depx24-mlrx-autonomous-ip-telephone-switchboard\/\" \/>\n<meta property=\"og:site_name\" content=\"Hotel And Build\" \/>\n<meta property=\"article:modified_time\" content=\"2024-09-16T09:00:28+00:00\" \/>\n<meta property=\"og:image\" content=\"https:\/\/hotelandbuild.com\/wp-content\/uploads\/2024\/09\/DEPX24.png\" \/>\n\t<meta property=\"og:image:width\" content=\"1000\" \/>\n\t<meta property=\"og:image:height\" content=\"1000\" \/>\n\t<meta property=\"og:image:type\" content=\"image\/png\" \/>\n<meta name=\"twitter:card\" content=\"summary_large_image\" \/>\n<meta name=\"twitter:label1\" content=\"Est. reading time\" \/>\n\t<meta name=\"twitter:data1\" content=\"1 dakika\" \/>\n<script type=\"application\/ld+json\" class=\"yoast-schema-graph\">{\"@context\":\"https:\/\/schema.org\",\"@graph\":[{\"@type\":\"WebPage\",\"@id\":\"https:\/\/hotelandbuild.com\/product\/depx24-mlrx-autonomous-ip-telephone-switchboard\/\",\"url\":\"https:\/\/hotelandbuild.com\/product\/depx24-mlrx-autonomous-ip-telephone-switchboard\/\",\"name\":\"DEPX24 mLrX Autonomous IP Telephone Switchboard - Hotel And Build\",\"isPartOf\":{\"@id\":\"https:\/\/hotelandbuild.com\/#website\"},\"primaryImageOfPage\":{\"@id\":\"https:\/\/hotelandbuild.com\/product\/depx24-mlrx-autonomous-ip-telephone-switchboard\/#primaryimage\"},\"image\":{\"@id\":\"https:\/\/hotelandbuild.com\/product\/depx24-mlrx-autonomous-ip-telephone-switchboard\/#primaryimage\"},\"thumbnailUrl\":\"https:\/\/hotelandbuild.com\/wp-content\/uploads\/2024\/09\/DEPX24.png\",\"datePublished\":\"2024-09-16T09:00:27+00:00\",\"dateModified\":\"2024-09-16T09:00:28+00:00\",\"breadcrumb\":{\"@id\":\"https:\/\/hotelandbuild.com\/product\/depx24-mlrx-autonomous-ip-telephone-switchboard\/#breadcrumb\"},\"inLanguage\":\"tr\",\"potentialAction\":[{\"@type\":\"ReadAction\",\"target\":[\"https:\/\/hotelandbuild.com\/product\/depx24-mlrx-autonomous-ip-telephone-switchboard\/\"]}]},{\"@type\":\"ImageObject\",\"inLanguage\":\"tr\",\"@id\":\"https:\/\/hotelandbuild.com\/product\/depx24-mlrx-autonomous-ip-telephone-switchboard\/#primaryimage\",\"url\":\"https:\/\/hotelandbuild.com\/wp-content\/uploads\/2024\/09\/DEPX24.png\",\"contentUrl\":\"https:\/\/hotelandbuild.com\/wp-content\/uploads\/2024\/09\/DEPX24.png\",\"width\":1000,\"height\":1000},{\"@type\":\"BreadcrumbList\",\"@id\":\"https:\/\/hotelandbuild.com\/product\/depx24-mlrx-autonomous-ip-telephone-switchboard\/#breadcrumb\",\"itemListElement\":[{\"@type\":\"ListItem\",\"position\":1,\"name\":\"Home\",\"item\":\"https:\/\/hotelandbuild.com\/\"},{\"@type\":\"ListItem\",\"position\":2,\"name\":\"Products\",\"item\":\"https:\/\/hotelandbuild.com\/products\/\"},{\"@type\":\"ListItem\",\"position\":3,\"name\":\"DEPX24 mLrX Autonomous IP Telephone Switchboard\"}]},{\"@type\":\"WebSite\",\"@id\":\"https:\/\/hotelandbuild.com\/#website\",\"url\":\"https:\/\/hotelandbuild.com\/\",\"name\":\"Hotel And Build\",\"description\":\"Professional Hotel Solutions\",\"potentialAction\":[{\"@type\":\"SearchAction\",\"target\":{\"@type\":\"EntryPoint\",\"urlTemplate\":\"https:\/\/hotelandbuild.com\/?s={search_term_string}\"},\"query-input\":{\"@type\":\"PropertyValueSpecification\",\"valueRequired\":true,\"valueName\":\"search_term_string\"}}],\"inLanguage\":\"tr\"}]}<\/script>\n<!-- \/ Yoast SEO plugin. -->","yoast_head_json":{"title":"DEPX24 mLrX Autonomous IP Telephone Switchboard - Hotel And Build","robots":{"index":"index","follow":"follow","max-snippet":"max-snippet:-1","max-image-preview":"max-image-preview:large","max-video-preview":"max-video-preview:-1"},"canonical":"https:\/\/hotelandbuild.com\/tr\/product\/depx24-mlrx-autonomous-ip-telephone-switchboard\/","og_locale":"tr_TR","og_type":"article","og_title":"DEPX24 mLrX Autonomous IP Telephone Switchboard - Hotel And Build","og_description":"You can click to examine the product and order immediately. You can contact us for more information.","og_url":"https:\/\/hotelandbuild.com\/tr\/product\/depx24-mlrx-autonomous-ip-telephone-switchboard\/","og_site_name":"Hotel And Build","article_modified_time":"2024-09-16T09:00:28+00:00","og_image":[{"width":1000,"height":1000,"url":"https:\/\/hotelandbuild.com\/wp-content\/uploads\/2024\/09\/DEPX24.png","type":"image\/png"}],"twitter_card":"summary_large_image","twitter_misc":{"Est. reading time":"1 dakika"},"schema":{"@context":"https:\/\/schema.org","@graph":[{"@type":"WebPage","@id":"https:\/\/hotelandbuild.com\/product\/depx24-mlrx-autonomous-ip-telephone-switchboard\/","url":"https:\/\/hotelandbuild.com\/product\/depx24-mlrx-autonomous-ip-telephone-switchboard\/","name":"DEPX24 mLrX Autonomous IP Telephone Switchboard - Hotel And Build","isPartOf":{"@id":"https:\/\/hotelandbuild.com\/#website"},"primaryImageOfPage":{"@id":"https:\/\/hotelandbuild.com\/product\/depx24-mlrx-autonomous-ip-telephone-switchboard\/#primaryimage"},"image":{"@id":"https:\/\/hotelandbuild.com\/product\/depx24-mlrx-autonomous-ip-telephone-switchboard\/#primaryimage"},"thumbnailUrl":"https:\/\/hotelandbuild.com\/wp-content\/uploads\/2024\/09\/DEPX24.png","datePublished":"2024-09-16T09:00:27+00:00","dateModified":"2024-09-16T09:00:28+00:00","breadcrumb":{"@id":"https:\/\/hotelandbuild.com\/product\/depx24-mlrx-autonomous-ip-telephone-switchboard\/#breadcrumb"},"inLanguage":"tr","potentialAction":[{"@type":"ReadAction","target":["https:\/\/hotelandbuild.com\/product\/depx24-mlrx-autonomous-ip-telephone-switchboard\/"]}]},{"@type":"ImageObject","inLanguage":"tr","@id":"https:\/\/hotelandbuild.com\/product\/depx24-mlrx-autonomous-ip-telephone-switchboard\/#primaryimage","url":"https:\/\/hotelandbuild.com\/wp-content\/uploads\/2024\/09\/DEPX24.png","contentUrl":"https:\/\/hotelandbuild.com\/wp-content\/uploads\/2024\/09\/DEPX24.png","width":1000,"height":1000},{"@type":"BreadcrumbList","@id":"https:\/\/hotelandbuild.com\/product\/depx24-mlrx-autonomous-ip-telephone-switchboard\/#breadcrumb","itemListElement":[{"@type":"ListItem","position":1,"name":"Home","item":"https:\/\/hotelandbuild.com\/"},{"@type":"ListItem","position":2,"name":"Products","item":"https:\/\/hotelandbuild.com\/products\/"},{"@type":"ListItem","position":3,"name":"DEPX24 mLrX Autonomous IP Telephone Switchboard"}]},{"@type":"WebSite","@id":"https:\/\/hotelandbuild.com\/#website","url":"https:\/\/hotelandbuild.com\/","name":"Hotel And Build","description":"Professional Hotel Solutions","potentialAction":[{"@type":"SearchAction","target":{"@type":"EntryPoint","urlTemplate":"https:\/\/hotelandbuild.com\/?s={search_term_string}"},"query-input":{"@type":"PropertyValueSpecification","valueRequired":true,"valueName":"search_term_string"}}],"inLanguage":"tr"}]}},"_links":{"self":[{"href":"https:\/\/hotelandbuild.com\/tr\/wp-json\/wp\/v2\/product\/2180"}],"collection":[{"href":"https:\/\/hotelandbuild.com\/tr\/wp-json\/wp\/v2\/product"}],"about":[{"href":"https:\/\/hotelandbuild.com\/tr\/wp-json\/wp\/v2\/types\/product"}],"version-history":[{"count":1,"href":"https:\/\/hotelandbuild.com\/tr\/wp-json\/wp\/v2\/product\/2180\/revisions"}],"predecessor-version":[{"id":2182,"href":"https:\/\/hotelandbuild.com\/tr\/wp-json\/wp\/v2\/product\/2180\/revisions\/2182"}],"wp:featuredmedia":[{"embeddable":true,"href":"https:\/\/hotelandbuild.com\/tr\/wp-json\/wp\/v2\/media\/2181"}],"wp:attachment":[{"href":"https:\/\/hotelandbuild.com\/tr\/wp-json\/wp\/v2\/media?parent=2180"}],"wp:term":[{"taxonomy":"product_brand","embeddable":true,"href":"https:\/\/hotelandbuild.com\/tr\/wp-json\/wp\/v2\/product_brand?post=2180"},{"taxonomy":"product_cat","embeddable":true,"href":"https:\/\/hotelandbuild.com\/tr\/wp-json\/wp\/v2\/product_cat?post=2180"},{"taxonomy":"product_tag","embeddable":true,"href":"https:\/\/hotelandbuild.com\/tr\/wp-json\/wp\/v2\/product_tag?post=2180"}],"curies":[{"name":"wp","href":"https:\/\/api.w.org\/{rel}","templated":true}]}}