{"id":2216,"date":"2024-09-16T13:04:15","date_gmt":"2024-09-16T10:04:15","guid":{"rendered":"https:\/\/hotelandbuild.com\/?post_type=product&#038;p=2216"},"modified":"2024-09-26T12:03:25","modified_gmt":"2024-09-26T09:03:25","slug":"flex-led-screen","status":"publish","type":"product","link":"https:\/\/hotelandbuild.com\/tr\/product\/flex-led-screen\/","title":{"rendered":"FLEX LED SCREEN"},"content":{"rendered":"<p>Flexi LED screens are thin designed and customisable products that can be produced in different sizes.<br \/>\nSuitable for all kinds of convex or concave flexible and creative organisations. It can be easily applied in special design areas with its advanced mask structure that increases the viewing angle.<\/p>","protected":false},"excerpt":{"rendered":"<p>\u00dcr\u00fcn\u00fc incelemek ve hemen sipari\u015f vermek i\u00e7in t\u0131klayabilirsiniz. Daha fazla bilgi i\u00e7in bizimle ileti\u015fime ge\u00e7ebilirsiniz.<\/p>","protected":false},"featured_media":2821,"template":"","meta":{"_acf_changed":false},"product_brand":[],"product_cat":[35],"product_tag":[126],"class_list":{"0":"post-2216","1":"product","2":"type-product","3":"status-publish","4":"has-post-thumbnail","6":"product_cat-hotel-phone-tv-systems","7":"product_tag-led-screen","9":"first","10":"instock","11":"shipping-taxable","12":"product-type-simple"},"acf":[],"yoast_head":"<!-- This site is optimized with the Yoast SEO plugin v24.9 - https:\/\/yoast.com\/wordpress\/plugins\/seo\/ -->\n<title>FLEX LED SCREEN - Hotel And Build<\/title>\n<meta name=\"robots\" content=\"index, follow, max-snippet:-1, max-image-preview:large, max-video-preview:-1\" \/>\n<link rel=\"canonical\" href=\"https:\/\/hotelandbuild.com\/tr\/product\/flex-led-screen\/\" \/>\n<meta property=\"og:locale\" content=\"tr_TR\" \/>\n<meta property=\"og:type\" content=\"article\" \/>\n<meta property=\"og:title\" content=\"FLEX LED SCREEN - Hotel And Build\" \/>\n<meta property=\"og:description\" content=\"You can click to examine the product and order immediately. You can contact us for more information.\" \/>\n<meta property=\"og:url\" content=\"https:\/\/hotelandbuild.com\/tr\/product\/flex-led-screen\/\" \/>\n<meta property=\"og:site_name\" content=\"Hotel And Build\" \/>\n<meta property=\"article:modified_time\" content=\"2024-09-26T09:03:25+00:00\" \/>\n<meta property=\"og:image\" content=\"https:\/\/hotelandbuild.com\/wp-content\/uploads\/2024\/09\/FLEX-LED-SCREEN-1.png\" \/>\n\t<meta property=\"og:image:width\" content=\"1000\" \/>\n\t<meta property=\"og:image:height\" content=\"1000\" \/>\n\t<meta property=\"og:image:type\" content=\"image\/png\" \/>\n<meta name=\"twitter:card\" content=\"summary_large_image\" \/>\n<meta name=\"twitter:label1\" content=\"Est. reading time\" \/>\n\t<meta name=\"twitter:data1\" content=\"1 dakika\" \/>\n<script type=\"application\/ld+json\" class=\"yoast-schema-graph\">{\"@context\":\"https:\/\/schema.org\",\"@graph\":[{\"@type\":\"WebPage\",\"@id\":\"https:\/\/hotelandbuild.com\/product\/flex-led-screen\/\",\"url\":\"https:\/\/hotelandbuild.com\/product\/flex-led-screen\/\",\"name\":\"FLEX LED SCREEN - Hotel And Build\",\"isPartOf\":{\"@id\":\"https:\/\/hotelandbuild.com\/#website\"},\"primaryImageOfPage\":{\"@id\":\"https:\/\/hotelandbuild.com\/product\/flex-led-screen\/#primaryimage\"},\"image\":{\"@id\":\"https:\/\/hotelandbuild.com\/product\/flex-led-screen\/#primaryimage\"},\"thumbnailUrl\":\"https:\/\/hotelandbuild.com\/wp-content\/uploads\/2024\/09\/FLEX-LED-SCREEN-1.png\",\"datePublished\":\"2024-09-16T10:04:15+00:00\",\"dateModified\":\"2024-09-26T09:03:25+00:00\",\"breadcrumb\":{\"@id\":\"https:\/\/hotelandbuild.com\/product\/flex-led-screen\/#breadcrumb\"},\"inLanguage\":\"tr\",\"potentialAction\":[{\"@type\":\"ReadAction\",\"target\":[\"https:\/\/hotelandbuild.com\/product\/flex-led-screen\/\"]}]},{\"@type\":\"ImageObject\",\"inLanguage\":\"tr\",\"@id\":\"https:\/\/hotelandbuild.com\/product\/flex-led-screen\/#primaryimage\",\"url\":\"https:\/\/hotelandbuild.com\/wp-content\/uploads\/2024\/09\/FLEX-LED-SCREEN-1.png\",\"contentUrl\":\"https:\/\/hotelandbuild.com\/wp-content\/uploads\/2024\/09\/FLEX-LED-SCREEN-1.png\",\"width\":1000,\"height\":1000},{\"@type\":\"BreadcrumbList\",\"@id\":\"https:\/\/hotelandbuild.com\/product\/flex-led-screen\/#breadcrumb\",\"itemListElement\":[{\"@type\":\"ListItem\",\"position\":1,\"name\":\"Home\",\"item\":\"https:\/\/hotelandbuild.com\/\"},{\"@type\":\"ListItem\",\"position\":2,\"name\":\"Products\",\"item\":\"https:\/\/hotelandbuild.com\/products\/\"},{\"@type\":\"ListItem\",\"position\":3,\"name\":\"FLEX LED SCREEN\"}]},{\"@type\":\"WebSite\",\"@id\":\"https:\/\/hotelandbuild.com\/#website\",\"url\":\"https:\/\/hotelandbuild.com\/\",\"name\":\"Hotel And Build\",\"description\":\"Professional Hotel Solutions\",\"potentialAction\":[{\"@type\":\"SearchAction\",\"target\":{\"@type\":\"EntryPoint\",\"urlTemplate\":\"https:\/\/hotelandbuild.com\/?s={search_term_string}\"},\"query-input\":{\"@type\":\"PropertyValueSpecification\",\"valueRequired\":true,\"valueName\":\"search_term_string\"}}],\"inLanguage\":\"tr\"}]}<\/script>\n<!-- \/ Yoast SEO plugin. -->","yoast_head_json":{"title":"FLEX LED SCREEN - Hotel And Build","robots":{"index":"index","follow":"follow","max-snippet":"max-snippet:-1","max-image-preview":"max-image-preview:large","max-video-preview":"max-video-preview:-1"},"canonical":"https:\/\/hotelandbuild.com\/tr\/product\/flex-led-screen\/","og_locale":"tr_TR","og_type":"article","og_title":"FLEX LED SCREEN - Hotel And Build","og_description":"You can click to examine the product and order immediately. You can contact us for more information.","og_url":"https:\/\/hotelandbuild.com\/tr\/product\/flex-led-screen\/","og_site_name":"Hotel And Build","article_modified_time":"2024-09-26T09:03:25+00:00","og_image":[{"width":1000,"height":1000,"url":"https:\/\/hotelandbuild.com\/wp-content\/uploads\/2024\/09\/FLEX-LED-SCREEN-1.png","type":"image\/png"}],"twitter_card":"summary_large_image","twitter_misc":{"Est. reading time":"1 dakika"},"schema":{"@context":"https:\/\/schema.org","@graph":[{"@type":"WebPage","@id":"https:\/\/hotelandbuild.com\/product\/flex-led-screen\/","url":"https:\/\/hotelandbuild.com\/product\/flex-led-screen\/","name":"FLEX LED SCREEN - Hotel And Build","isPartOf":{"@id":"https:\/\/hotelandbuild.com\/#website"},"primaryImageOfPage":{"@id":"https:\/\/hotelandbuild.com\/product\/flex-led-screen\/#primaryimage"},"image":{"@id":"https:\/\/hotelandbuild.com\/product\/flex-led-screen\/#primaryimage"},"thumbnailUrl":"https:\/\/hotelandbuild.com\/wp-content\/uploads\/2024\/09\/FLEX-LED-SCREEN-1.png","datePublished":"2024-09-16T10:04:15+00:00","dateModified":"2024-09-26T09:03:25+00:00","breadcrumb":{"@id":"https:\/\/hotelandbuild.com\/product\/flex-led-screen\/#breadcrumb"},"inLanguage":"tr","potentialAction":[{"@type":"ReadAction","target":["https:\/\/hotelandbuild.com\/product\/flex-led-screen\/"]}]},{"@type":"ImageObject","inLanguage":"tr","@id":"https:\/\/hotelandbuild.com\/product\/flex-led-screen\/#primaryimage","url":"https:\/\/hotelandbuild.com\/wp-content\/uploads\/2024\/09\/FLEX-LED-SCREEN-1.png","contentUrl":"https:\/\/hotelandbuild.com\/wp-content\/uploads\/2024\/09\/FLEX-LED-SCREEN-1.png","width":1000,"height":1000},{"@type":"BreadcrumbList","@id":"https:\/\/hotelandbuild.com\/product\/flex-led-screen\/#breadcrumb","itemListElement":[{"@type":"ListItem","position":1,"name":"Home","item":"https:\/\/hotelandbuild.com\/"},{"@type":"ListItem","position":2,"name":"Products","item":"https:\/\/hotelandbuild.com\/products\/"},{"@type":"ListItem","position":3,"name":"FLEX LED SCREEN"}]},{"@type":"WebSite","@id":"https:\/\/hotelandbuild.com\/#website","url":"https:\/\/hotelandbuild.com\/","name":"Hotel And Build","description":"Professional Hotel Solutions","potentialAction":[{"@type":"SearchAction","target":{"@type":"EntryPoint","urlTemplate":"https:\/\/hotelandbuild.com\/?s={search_term_string}"},"query-input":{"@type":"PropertyValueSpecification","valueRequired":true,"valueName":"search_term_string"}}],"inLanguage":"tr"}]}},"_links":{"self":[{"href":"https:\/\/hotelandbuild.com\/tr\/wp-json\/wp\/v2\/product\/2216"}],"collection":[{"href":"https:\/\/hotelandbuild.com\/tr\/wp-json\/wp\/v2\/product"}],"about":[{"href":"https:\/\/hotelandbuild.com\/tr\/wp-json\/wp\/v2\/types\/product"}],"version-history":[{"count":1,"href":"https:\/\/hotelandbuild.com\/tr\/wp-json\/wp\/v2\/product\/2216\/revisions"}],"predecessor-version":[{"id":2218,"href":"https:\/\/hotelandbuild.com\/tr\/wp-json\/wp\/v2\/product\/2216\/revisions\/2218"}],"wp:featuredmedia":[{"embeddable":true,"href":"https:\/\/hotelandbuild.com\/tr\/wp-json\/wp\/v2\/media\/2821"}],"wp:attachment":[{"href":"https:\/\/hotelandbuild.com\/tr\/wp-json\/wp\/v2\/media?parent=2216"}],"wp:term":[{"taxonomy":"product_brand","embeddable":true,"href":"https:\/\/hotelandbuild.com\/tr\/wp-json\/wp\/v2\/product_brand?post=2216"},{"taxonomy":"product_cat","embeddable":true,"href":"https:\/\/hotelandbuild.com\/tr\/wp-json\/wp\/v2\/product_cat?post=2216"},{"taxonomy":"product_tag","embeddable":true,"href":"https:\/\/hotelandbuild.com\/tr\/wp-json\/wp\/v2\/product_tag?post=2216"}],"curies":[{"name":"wp","href":"https:\/\/api.w.org\/{rel}","templated":true}]}}